{"id":54,"date":"2016-01-04T11:39:47","date_gmt":"2016-01-04T11:39:47","guid":{"rendered":"http:\/\/bahalana.es\/?page_id=54"},"modified":"2016-01-13T13:24:30","modified_gmt":"2016-01-13T13:24:30","slug":"bahalana-programa-el-abanico-del-maestro","status":"publish","type":"page","link":"http:\/\/bahalana.es\/index.php\/bahalana-programa-el-abanico-del-maestro\/","title":{"rendered":"Programa de Bahalana &#8211; El Abanico del Maestro"},"content":{"rendered":"<p><img loading=\"lazy\" decoding=\"async\" class=\"aligncenter wp-image-89 size-full\" src=\"http:\/\/bahalana.es\/wp-content\/uploads\/2016\/01\/abanico_maestro.jpg\" alt=\"abanico_maestro\" width=\"600\" height=\"388\" srcset=\"http:\/\/bahalana.es\/wp-content\/uploads\/2016\/01\/abanico_maestro.jpg 600w, http:\/\/bahalana.es\/wp-content\/uploads\/2016\/01\/abanico_maestro-300x194.jpg 300w\" sizes=\"(max-width: 600px) 100vw, 600px\" \/><\/p>\n<p><strong>El Abanico Del Maestro<\/strong><br \/>\n<strong>Los veinte estilos y t\u00e9cnicas de Giron<sup>\u00ae<\/sup> Arnis Escrima<\/strong><\/p>\n<p><strong>EL ABANICO DEL MAESTRO<\/strong><\/p>\n<p>Flaviano Vergara le dijo a Giron: \u201c\u00bfRecuerdas lo que te dije sobre los dos extremos de tu arte? La base es el <em>cada-anan<\/em>, un estilo de combate de corta distancia, mientras la <em>larga mano<\/em> utiliza la distancia y es el m\u00e1s seguro de los dos estilos. Debes estar contento por conocer los dos porque puedes contar la diferencia entre el estilo antiguo (<em>cada-anan<\/em>) y el nuevo (<em>cabaoran<\/em>).\u201d Giron asinti\u00f3 con la cabeza admiti\u00e9ndolo. Flaviano continu\u00f3: \u201cSup\u00f3n que alguien te presentara un estilo totalmente extra\u00f1o para ti. No lo reconoces ni como el viejo ni como el nuevo, \u00bfqu\u00e9 vas a hacer?\u201d \u201c\u00bfhay tal cosa? \u00bfhay m\u00e1s?,\u201d pregunt\u00f3 Giron. Flaviano sonri\u00f3 y cogi\u00f3 una hoja del escrito de Giron y lo dobl\u00f3 como si fuera un abanico. Se\u00f1alando hacia el extremo izquierdo Flaviano dijo: \u201cEste es tu viejo estilo (<em>cada-anan, o de fondo<\/em>)\u201d. Entonces se\u00f1al\u00f3 al extremo derecho y dijo: \u201cEste es tu nuevo estilo (<em>cabaoran, o larga mano<\/em>). Los de en medio son los estilos no esperados, y un maestro de verdad es capaz de rellenar los huecos. Estos son los <em>Secretos del Maestro<\/em>, y ahora conf\u00eda en ellos para ti. Yo los he mantenido durante muchos a\u00f1os por ti, pero ahora son tuyos como una remembranza de m\u00ed\u201d. Vergar\u00e1 empez\u00f3 entonces a instruir a Giron en los caminos de los dieciocho estilos adicionales que, combinados, se convirtieron en el <em>Giron Arnis Escrima<\/em>.<\/p>\n<p>El abanico del Maestro, con sus m\u00faltiples costillas, es una de las formas m\u00e1s simples de ejemplificar c\u00f3mo se puede almacenar el conocimiento, listo para utilizarlo cuando sea necesario. Los ejemplos se encuentran al abrir un abanico para producir una brisa refrescante, o para recurrir al conocimiento para la defensa personal cuando sea necesario. Cuando el prop\u00f3sito ha finalizado el abanico simplemente se cierra y se guarda convenientemente hasta que se necesita de nuevo<\/p>\n<p><strong>Visi\u00f3n general de los Veinte Estilos<\/strong><\/p>\n<p>Las siguientes son breves descripciones con ilustraciones de la caracter\u00edstica primaria de cada uno de los veinte estilos encontrados en el abanico del maestro que forman el sistema de <em>Giron arnis escrima<\/em>. Algunos de los estilos presentados en adelante son m\u00e9todos de combate actuales; otros son conceptos o estrategias a emplear cuando te veas implicado en un enfrentamiento.<\/p>\n<p><img loading=\"lazy\" decoding=\"async\" class=\"aligncenter wp-image-91 size-full\" src=\"http:\/\/bahalana.es\/wp-content\/uploads\/2016\/01\/leo_toni_larga_mano.jpg\" alt=\"Leo Giron y Tony somera Larga Mano\" width=\"600\" height=\"362\" srcset=\"http:\/\/bahalana.es\/wp-content\/uploads\/2016\/01\/leo_toni_larga_mano.jpg 600w, http:\/\/bahalana.es\/wp-content\/uploads\/2016\/01\/leo_toni_larga_mano-300x181.jpg 300w\" sizes=\"(max-width: 600px) 100vw, 600px\" \/><\/p>\n<p><strong>ESTILO DE FONDO<\/strong><\/p>\n<p>Estilo de Fondo se refiere a mantener tu suelo, anclando tu peso, o plant\u00e1ndote firmemente al suelo. Este estilo tambi\u00e9n es conocido como un estilo \u201cbloqueado\u201d o \u201ccerrado\u201d. Como una puerta cerrada, uno debe o usar la fuerza para abrirla o buscar una apertura alternativa. Aunque no es absolutamente necesario, el estilo de fondo normalmente requiere el uso de un arma corta. Para la media de los filipinos que miden alrededor de 1,70, el bolo o el palo deben medir al menos 61cms. Peque\u00f1os cambios en el largo y el peso deben estar condicionados por la altura del estudiante. Sin embargo, para el prop\u00f3sito de entrenar los mejores resultados se pueden obtener usando el largo standard de 61 cms. El estilo de fondo abarca t\u00e9cnicas de bloqueo, desv\u00edo, rechazo y evasi\u00f3n. En este estilo los \u201cn\u00fameros\u201d no est\u00e1n relacionados s\u00f3lo con el \u00e1ngulo en el que se inicia un ataque, sino que est\u00e1n relacionados con el \u00e1rea del cuerpo al que se lanza el ataque. El estilo de fondo es la base del <em>Giron arnis escrima<\/em>.<\/p>\n<p><strong>ESTILO ABANICO<\/strong><\/p>\n<p>En el arte de la escrima, estilo abanico se refiere a una defensa de palo que repele los golpes o pinchos que vienen de frente con un giro de mu\u00f1eca. Este es uno de los movimientos m\u00e1s r\u00e1pidos utilizados para repeler un ataque, permitiendo al defensor tiempo para recolocarse en una posici\u00f3n o postura m\u00e1s favorables. En muchos ejemplos, cambiar el peso del cuerpo lateralmente de un lado a otro, durante el movimiento, es necesario para hacer efectivo el estilo abanico.<\/p>\n<p><strong>ESTILO ABIERTA<\/strong><\/p>\n<p>Estilo abierta se refiere al estilo de combate de cuerpo abierto. El hecho de emplear este estilo es una pista de que el c\u00e1lculo de la distancia del escrimador es realmente preciso, y de que la distancia entre los dos combatientes es suficientemente segura y no comprometedora. Este estilo ofrece al practicante la oportunidad de golpear inmediatamente el \u00e1rea del oponente que \u00e9l quiere en lugar de usar un tiempo considerable bloqueando y desviando el arma de un oponente.<\/p>\n<p><strong>ESTILO DE SAL\u00d3N<\/strong><\/p>\n<p>Para algunos este estilo puede parecer inoportuno al incluir el baile en el arte de la defensa personal. Sal\u00f3n son pasos de baile sin precedentes, de ah\u00ed que el <em>salonero<\/em> se compara con la gracilidad del bailar\u00edn de danza. Una bailarina es gr\u00e1cil y meticulosa en su puesta en escena mientras el <em>salonero<\/em> es un bailar\u00edn alborotado, ruidoso y repulsivo teniendo un buen momento. En Giron arnis escrima este es un estilo de movimientos de pies r\u00e1pido y s\u00f3lido.<\/p>\n<p><strong>ESTILO SONKETE<\/strong><\/p>\n<p>Estilo sonkete es un estilo de pinchar usando armas r\u00edgidas tales como el bolo, panabas o el bast\u00f3n. En este estilo el escrimador clava su arma en una apertura de la guardia del oponente. Esto se realiza de diferentes formas. Primero, puedes desviar el arma del oponente con tu mano izquierda y clavar el arma en el hueco abierto. Segundo, puedes bloquear el arma que viene deslizar tu arma a lo largo de la del oponente hasta el punto de contacto con el cuerpo del oponente. De cualquier forma, para hacer este estilo efectivo el escrimador debe utilizar el paso lateral para evitar primero el golpe entrante.<\/p>\n<p><strong>ESTILO RETIRADA<\/strong><\/p>\n<p>Este es el estilo de retirarse utilizado tanto para romper la guardia de un oponente para crear una apertura en su defensa, como para abrir tu propia guardia para tentar a tu oponente a comprometerse, abriendo as\u00ed su defensa para un golpe a la contra. Para hacer efectivo este estilo el peleador se mueve hacia atr\u00e1s y nunca bloquea, s\u00f3lo crea huecos e inicia los golpes a las \u00e1reas descubiertas de su oponente.<\/p>\n<p><strong>ESTILO EL\u00c1STICO<\/strong><\/p>\n<p>Este es un estilo de combate com\u00fan entre los filipinos <em>boloneros<\/em>, que se estiran hacia delante para alcanzar sus objetivos. Los peleadores que utilizan este m\u00e9todo habitualmente son veteranos con unos pocos encuentros. Su estilo var\u00eda de las t\u00e9cnicas de combate de larga distancia, t\u00e9cnicas de retirada, o ambos. Estilo el\u00e1stico complementa la mayor\u00eda de m\u00e9todos de combate, especialmente fondo fuerte.<\/p>\n<p><strong>FONDO FUERTE<\/strong><\/p>\n<p>Fondo fuerte es un estilo que encuentra al escrimador plantado firmemente en un lugar fiable donde puede revolverse para encontrase con los oponentes sin perder el contacto con el suelo. Com\u00fanmente un agarre s\u00f3lido al suelo se hace donde se puede plantar el pie y no resbala, se agita o cae, especialmente en suelos inestables. La t\u00e9cnica de esperar es una buena t\u00e1ctica de forma que sin frustraci\u00f3n tu oponente se ver\u00e1 forzado a atacar, d\u00e1ndote as\u00ed la oportunidad d contraatacar a sus \u00e1reas desprotegidas.<\/p>\n<p><strong>CONTRA COMPAS<\/strong><\/p>\n<p>Como t\u00e9rmino de artes marciales, contra comp\u00e1s significa timing en contra, o el uso del ritmo roto. Esta peque\u00f1a t\u00e9cnica introduce a uno en la pr\u00e1ctica de la esgrima b\u00e1sica. Este estilo es una puesta en escena, mientras estamos en el proceso de detectar cu\u00e1l es el estilo de tu oponente; o quiz\u00e1 detectar cu\u00e1nto entrenamiento tiene en combate. Un golpe percutante a los ojos puede ocurrir en cualquier momento. Si tenemos \u00e9xito, uno puede perseguir y finalizar la participaci\u00f3n.<\/p>\n<p><strong>ESTILO REDONDA<\/strong><\/p>\n<p>El Estilo Redonda es un estilo comprendido por movimientos de arma circulares que son efectivos cuando est\u00e1s rodeado por m\u00faltiples oponentes, o cuando se hace frente a un practicante profesional al que es necesario mantener a raya. Mientras practicas este estilo tienes que mantener un movimiento circular continuo con el arma. Un c\u00edrculo horizontal al tobillo y despu\u00e9s un movimiento circular a la cabeza es un ejemplo. El estilo Redonda tambi\u00e9n puede usarse para golpear en un c\u00edrculo vertical, tanto hacia delante como de rev\u00e9s. Este estilo se usa principalmente para golpes continuos, de ataque. Si tu arma es golpeada o bloqueada puedes revertir r\u00e1pidamente el c\u00edrculo para mantener tu estilo de golpeo circular agresivo.<\/p>\n<p><strong>COMBATE ADENTRO<\/strong><\/p>\n<p>Combate adentro implica un encuentro contra una persona armada con una espada y una daga (o palo y daga),\u00a0 mientras t\u00fa est\u00e1s armado s\u00f3lo con una daga o un cuchillo corto. Combate adentro abarca t\u00e9cnicas de combate dentro de distancia s\u00f3lo para tal ocasi\u00f3n. Las probabilidades est\u00e1n en contra del que est\u00e1 armado s\u00f3lo con un arma mientras su oponente tiene dos o m\u00e1s. \u00bfVas a resignarte? \u00bfEst\u00e1s derrotado? \u00a1Nunca! El esgrimador nunca se resigna. Si el defensor quiere permanecer vivo deber\u00eda infligir el primer ataque cortante al comienzo del altercado. Debe colocar su \u00fanica arma frente a su cuerpo y mirar cuidadosamente hacia los ataques que vienen y, con el timing adecuado, continuar el corte alternativamente desde el interior, entre los dos brazos del oponente.<\/p>\n<p><strong>TERO GRAVE<\/strong><\/p>\n<p>Tero Grave implica golpes muy hirientes o mortales. Un buen profesor de armas deber\u00eda hacer obligatorio para sus estudiantes conocer las \u00e1reas del cuerpo que pueden causar discapacidad o, en algunos casos, la muerte. El maestro empezar\u00e1 mostrando las \u00e1reas del cuerpo que son cr\u00edticas, y que necesitan ser tenidas en cuenta durante el entrenamiento. Este estilo de entrenamiento se centra en golpes directos y discapacitantes a cinco \u00e1reas: 1) La tr\u00e1quea, 2) Los ojos, 3) Las sienes, 4) La arteria car\u00f3tida, y 5) El bulbo raqu\u00eddeo.<\/p>\n<p><strong>ESTILO MACABEBE<\/strong><\/p>\n<p>Macabebe es el nombre de una ciudad en la provincia de Pampanga. Muchos hombres en \u00e9ste \u00e1rea han elegido la venta ambulante de prendas de vestir para las familias en barrios remotos. Vienen antes de la cosecha del arroz y antes de las fiestas en honor de los diferentes santos. Los hombres de Macabebe introdujeron un arte de defensa personal usando dos palos largos. Com\u00fanmente durante los viajes, un palo sujeta el hatillo de ropa mientras se lleva sobre el hombro y el otro para mantener a raya a los perros alterados, a otros animales salvajes o a ladrones que pueden atacar la vida del comerciante con el fin de robar los materiales. El estilo Macabebe se caracteriza por los movimientos entrelazados de los palos, y se conoce tambi\u00e9n como sinawali.<\/p>\n<p><strong>TERO PISADA<\/strong><\/p>\n<p>Hay situaciones cuando nos enfrentamos a oponentes usando un arma larga como una lanza, poste largo, o pala de mango largo, en las que uno no puede solo saltar y retirarse de un asaltante con el arma larga, ni entrar dentro de la distancia de un oponente sin precauci\u00f3n. El estilo Tero Pisada es adecuado en tales situaciones en las que es necesario el uso de golpes con ambas manos sobre un arma. El objetivo de este estilo es golpear el punto m\u00e1s alejado del arma del oponente con tal fuerza como para hacerla vibrar con tanta fuerza que paralizar\u00e1 moment\u00e1neamente las manos del oponente. Esto, entonces, crea la apertura y tiempo necesarios para entrar de forma efectiva en la distancia y vencer al oponente.<\/p>\n<p><strong>MEDIA MEDIA<\/strong><\/p>\n<p>El t\u00e9rmino implica mitad y mitad, o la mitad de una cosa y la mitad de otra. En t\u00e9rminos de combate, el concepto se refiere a pelear a media distancia y golpear en la mitad de tiempo. En esencia, este estilo emplea golpes percutantes, o golpecitos cortos, a media distancia para golpear a un oponente insertando golpes en la secuencia de sus movimientos.<\/p>\n<p><strong>CADENA DE MANO<\/strong><\/p>\n<p>Este es un estilo de combate que consiste en una progresi\u00f3n desde el desv\u00edo al agarre, la torsi\u00f3n y los candados. Tu oponente puede estar armado o desarmado, pero t\u00fa no tienes armas. Mantendr\u00e1s siempre contacto con las manos de tu oponente hasta que lo tengas en una posici\u00f3n de sumisi\u00f3n. Si tu oponente contin\u00faa siendo agresivo, \u00a0usar\u00e1s candados a los dedos, a las articulaciones, barras a los brazos y\/o estrangulaciones.<\/p>\n<p><strong>ESCAPO<\/strong><\/p>\n<p>Escapo implica un sistema de evasi\u00f3n y amparo de los golpes que proceden del oponente. Es una maniobra que sugiere el contacto permanente de una mano para oportunamente desviar su direcci\u00f3n a otra, previniendo el contacto con el blanco que pretend\u00eda. Esto requiere coordinaci\u00f3n de las manos y los pies y el mantener el contacto continuo con la mano atacante del oponente. Este estilo no se puede practicar en solitario, tiene que trabajarse en parejas.<\/p>\n<p><strong>ESTILO BOLANTE<\/strong><\/p>\n<p>El estilo Bolante se refiere al estilo personal de pelear de Master Braulio Bolante de Dagupan, Pangasinan. Bolante era el tipo tranquilo que raramente dec\u00eda una palabra si no se le preguntaba. Era respetuoso, agradable y con buenos modales. Sin embargo, su otra cara era el hombre con una botella de vino. Despu\u00e9s de tomar alcohol pod\u00eda cambiar a una persona hostil y en ocasiones enredarse en peleas. Era conocido por haber ganado a muchos hombres y polic\u00edas, gan\u00e1ndose as\u00ed un rinc\u00f3n permanente en la c\u00e1rcel. Su estilo estaba limitado a golpes verticales al ser aficionado a pelear en los pasos de puerta de forma que no recib\u00eda ning\u00fan ataque por los flancos. Estilo Bolante no utiliza movimientos amplios, s\u00f3lo desv\u00edos y golpes y movimientos continuos arriba y abajo.<\/p>\n<p><strong>MISCLA CONTRAS<\/strong><\/p>\n<p>Miscla contras implica defenderse contra m\u00faltiples oponentes. Es, por tanto, m\u00e1s una teor\u00eda de c\u00f3mo manejar tales ataques coloc\u00e1ndose en la mejor posici\u00f3n de forma que s\u00f3lo se tenga a uno de los oponentes de frente al mismo tiempo. Estrategias tales como colocar tu espalda contra un muro o moverte detr\u00e1s de un oponente, se emplean para hacer efectivo este estilo.<\/p>\n<p><strong>LARGA MANO<\/strong><\/p>\n<p>Implica la habilidad para alargar el alcance del esgrimador. Alcanzar a un oponente sin poner en peligro la seguridad es lo principal porque uno puede inhabilitar a su enemigo con menos posibilidades de ser herido o asesinado. Para utilizar este estilo un practicante tiene que saber c\u00f3mo usar sistem\u00e1ticamente un arma larga. Una persona no puede s\u00f3lo balancear su arma larga como un mayal. Es un Arte y por tanto debe cumplir con la ciencia de Larga Mano. La pr\u00e1ctica de la elasticidad es el ejercicio diario del practicante de Larga Mano.<\/p>\n<p>A trav\u00e9s de las ense\u00f1anzas de Flaviano, Grandmaster Leo Giron pudo desarrollar un nuevo sistema llamado Giron arnis escrima. El abanico del maestro conserva los veinte estilos y t\u00e9cnicas seg\u00fan se escribieron. Alguien con una mente abierta se preguntar\u00e1 acerca del significado de la cara opuesta del abanico del maestro. Es un misterio del arte que s\u00f3lo la pr\u00e1ctica revelar\u00e1.El sistema Bahala Na del GM Giron est\u00e1 basado en 20 estilos representados en el Abanico del Maestro, abarcando la pr\u00e1ctica totalidad de los estilos practicados en las artes marciales filipinas. El estilo de fondo constituye la base del sistema, y tiene como rasgo distintivo el posicionamiento tremendamente estable y poderoso que confiere al sistema una gran solidez y efectividad.<\/p>\n","protected":false},"excerpt":{"rendered":"<p>El Abanico Del Maestro Los veinte estilos y t\u00e9cnicas de Giron\u00ae Arnis Escrima EL ABANICO DEL MAESTRO Flaviano Vergara le dijo a Giron: \u201c\u00bfRecuerdas lo que te dije sobre los dos extremos de tu arte? La base es el cada-anan, un estilo de combate de corta distancia, mientras la larga mano utiliza la distancia y<a href=\"http:\/\/bahalana.es\/index.php\/bahalana-programa-el-abanico-del-maestro\/\">[&#8230;]<\/a><\/p>\n","protected":false},"author":1,"featured_media":0,"parent":0,"menu_order":0,"comment_status":"closed","ping_status":"closed","template":"template-fullwidth.php","meta":{"footnotes":""},"_links":{"self":[{"href":"http:\/\/bahalana.es\/index.php\/wp-json\/wp\/v2\/pages\/54"}],"collection":[{"href":"http:\/\/bahalana.es\/index.php\/wp-json\/wp\/v2\/pages"}],"about":[{"href":"http:\/\/bahalana.es\/index.php\/wp-json\/wp\/v2\/types\/page"}],"author":[{"embeddable":true,"href":"http:\/\/bahalana.es\/index.php\/wp-json\/wp\/v2\/users\/1"}],"replies":[{"embeddable":true,"href":"http:\/\/bahalana.es\/index.php\/wp-json\/wp\/v2\/comments?post=54"}],"version-history":[{"count":4,"href":"http:\/\/bahalana.es\/index.php\/wp-json\/wp\/v2\/pages\/54\/revisions"}],"predecessor-version":[{"id":93,"href":"http:\/\/bahalana.es\/index.php\/wp-json\/wp\/v2\/pages\/54\/revisions\/93"}],"wp:attachment":[{"href":"http:\/\/bahalana.es\/index.php\/wp-json\/wp\/v2\/media?parent=54"}],"curies":[{"name":"wp","href":"https:\/\/api.w.org\/{rel}","templated":true}]}}